{"id":31,"date":"2022-12-21T04:10:22","date_gmt":"2022-12-21T03:10:22","guid":{"rendered":"https:\/\/todan-agency.agentur-seidemann.de\/?page_id=31"},"modified":"2024-05-27T10:24:48","modified_gmt":"2024-05-27T08:24:48","slug":"datenschutz","status":"publish","type":"page","link":"https:\/\/rechtsanwalt-schwaz.at\/en\/datenschutz\/","title":{"rendered":"Data protection"},"content":{"rendered":"<p class=\"p1\">Diese Datenschutzerkl\u00e4rung gilt f\u00fcr die Website www.rechtsanwalt-schwaz.at. Im Folgenden informieren wir Sie \u00fcber die Erhebung Ihrer personenbezogenen Daten bei Nutzung dieser Website.<\/p>\n<p class=\"p1\"><strong>F\u00fcr die Datenverarbeitung verantwortlich ist:<\/strong><br \/>\nDr. Janovsky Rechtsanwalts GmbH &amp; Co KG<br \/>\nBurggasse 8<br \/>\n6130 Schwaz<br \/>\nAustria<br \/>\nEmail: office(at)rechtsanwalt-schwaz.at<\/p>\n<p class=\"p1\">Bei der Erhebung und Verarbeitung Ihrer Daten halten wir uns strikt an die datenschutzrechtlichen Vorschriften. Nachstehend werden wir Ihnen im Detail erl\u00e4utern, welche Vorkehrungen wir zum Schutz Ihrer Daten treffen und welche Daten wir \u00fcberhaupt bzw. f\u00fcr welche Zwecke erheben.<\/p>\n<p class=\"p1\">Als gesetzliche Grundlage dienen insbesondere das Datenschutzgesetz 2000, das Datenschutzgesetz 2018, die Datenschutzgrundverordnung (DSGVO) sowie das Telekommunikationsgesetz 2003 in der jeweils geltenden Fassung. Diese gesetzlichen Bestimmungen dienen dem Recht auf Schutz personenbezogener Daten.<\/p>\n<h3 class=\"p1\"><strong>I. Erhebung und Verarbeitung personenbezogener Daten<\/strong><\/h3>\n<p class=\"p1\">Personenbezogene Daten werden erhoben und in weiterer Folge verarbeitet, wenn Sie uns diese freiwillig zum Beispiel im Rahmen eines Erstkontaktes bekanntgeben bzw. der Cookie-Nutzung zustimmen.<\/p>\n<p class=\"p1\">Alle personenbezogenen Daten werden entsprechend den jeweils geltenden Bestimmungen zum Schutz personenbezogener Daten in erster Linie zum Zweck der von Ihnen beauftragten Services und zur Bearbeitung Ihrer Anfragen erhoben, verarbeitet und genutzt.<\/p>\n<p class=\"p1\">Wie kommen wir zu Ihren Daten?<\/p>\n<p class=\"p1\">1. Daten, die Sie uns zur Verf\u00fcgung stellen\/mitteilen<\/p>\n<p class=\"p1\">Sie m\u00fcssen uns bei der Nutzung unserer Website keine pers\u00f6nlichen Informationen direkt mitteilen.<\/p>\n<p class=\"p1\">2. Daten, die Sie durch Ihre Nutzung unserer Dienste zur Verf\u00fcgung stellen\/mitteilen<\/p>\n<p class=\"p1\">Dar\u00fcber hinaus erhalten wir einige Daten automatisch und aus technischen Gr\u00fcnden bereits dann, wenn Sie unsere Website besuchen. Bei jedem Zugriff eines Nutzers auf unsere Website und bei jedem Abruf einer Datei werden Zugriffsdaten \u00fcber diesen Vorgang in Form von Protokolldateien gespeichert. Dabei werden folgende Daten erhoben:<\/p>\n<p class=\"p1\">\u2022 die Website, von der Sie unsere Seite aufrufen;<\/p>\n<p class=\"p1\">\u2022 die IP-Adresse, die Ihnen durch Ihren Provider zugewiesen wurde;<\/p>\n<p class=\"p1\">\u2022 das Zugriffsdatum und die Zugriffszeit;<\/p>\n<p class=\"p1\">\u2022 die \u00fcbertragene Datenmenge;<\/p>\n<p class=\"p1\">\u2022 der Name der aufgerufenen Datei oder Seite;<\/p>\n<p class=\"p1\">\u2022 Meldung, ob der Abruf erfolgreich war;<\/p>\n<p class=\"p1\">\u2022 Meldung, warum ein Abruf gegebenenfalls fehlgeschlagen ist;<\/p>\n<p class=\"p1\">\u2022 gegebenenfalls Betriebssystem und Browsersoftware Ihres Computers;<\/p>\n<p class=\"p1\">Diese Daten sind f\u00fcr uns technisch erforderlich, um Ihnen unsere Website anzuzeigen und um die Stabilit\u00e4t und Sicherheit zu gew\u00e4hrleisten.<\/p>\n<h3 class=\"p1\"><strong>II. Rechtsgrundlage, Speicherdauer sowie Datenempf\u00e4nger<\/strong><\/h3>\n<p class=\"p1\">Die rechtlichen Grundlagen f\u00fcr die Verarbeitung Ihrer personenbezogenen Daten sind insbesondere:<\/p>\n<p class=\"p1\">\u2022 Ihre Einwilligung (Art 6 Abs 1 lit a DSGVO) (z.B. Kontaktdatenblatt, Bewerbung)<\/p>\n<p class=\"p1\">\u2022 Vertragserf\u00fcllung (Art 6 Abs 1 lit b DSGVO)<\/p>\n<p class=\"p1\">\u2022 Erf\u00fcllung rechtlicher Verpflichtungen (Art 6 Abs 1 lit c DSGVO);<\/p>\n<p class=\"p1\">\u2022 Wahrung unseres berechtigten Interesses (Art 6 Abs 1 lit f DSGVO) (Gew\u00e4hrleistung der Stabilit\u00e4t und Sicherheit der Website, Abwehr von Rechtsanspr\u00fcchen).<\/p>\n<p class=\"p1\">Wir verarbeiten Ihre personenbezogenen Daten, soweit erforderlich, f\u00fcr die Dauer der gesamten Gesch\u00e4ftsbeziehung bzw. f\u00fcr die Dauer der einzelnen Dienste sowie dar\u00fcber hinaus gem\u00e4\u00df den gesetzlichen Aufbewahrungsbestimmungen und Dokumentationspflichten bzw. solange unser berechtigtes Interesse an der Aufbewahrung zur Abwehr allf\u00e4lliger Haftungsanspr\u00fcche besteht.<\/p>\n<p class=\"p1\">Innerhalb des Unternehmens erhalten diejenigen Stellen bzw. Mitarbeiterinnen und Mitarbeiter Ihre Daten, die diese zur Erf\u00fcllung unserer Pflichten sowie zur Wahrung berechtigter Interessen ben\u00f6tigen.<\/p>\n<p class=\"p1\">Dar\u00fcber hinaus erhalten von uns beauftragte Auftragsverarbeiter Ihre Daten, sofern sie diese zur Erf\u00fcllung ihrer jeweiligen Aufgabe ben\u00f6tigen. S\u00e4mtliche Auftragsverarbeiter sind vertraglich entsprechend dazu verpflichtet, Ihre Daten vertraulich zu behandeln und nur im Rahmen der Leistungserbringung zu verarbeiten. Unsere Auftragsverarbeiter haben sich zur Einhaltung der geltenden datenschutzrechtlichen Bestimmungen uns gegen\u00fcber verpflichtet. Es wurden Auftragsverarbeitungsvertr\u00e4ge gem\u00e4\u00df Art 28 DSGVO abgeschlossen. N\u00e4here Informationen zu den von uns beauftragten Auftragsverarbeitern k\u00f6nnen Sie unter office@rechtsanwalt-schwaz.at anfragen. Im Rahmen des Betriebs unserer Website haben wir beispielsweise ein Software-Dienstleistungsunternehmen beauftragt, welches im Zuge seiner T\u00e4tigkeiten Zugriff auf Ihre personenbezogenen Daten erlangen kann, sofern diese die Daten zur Erf\u00fcllung ihrer jeweiligen Leistung ben\u00f6tigen.<\/p>\n<h3 class=\"p1\"><strong>III. Cookies<\/strong><\/h3>\n<p class=\"p1\">Unsere Website verwendet sogenannte Cookies. Cookies sind kleine Textinformationen, die eine Wiedererkennung des Nutzers und eine Analyse Ihrer Nutzung unserer Websites m\u00f6glich machen. Die dadurch erzeugten Informationen werden auf den Server des Anbieters \u00fcbertragen und dort gespeichert. Sie dienen dazu, unsere Internetpr\u00e4senz insgesamt nutzerfreundlicher, effektiver sowie sicherer zu machen. Zudem dienen Cookies zur Messung der H\u00e4ufigkeit von Seitenaufrufen und zur allgemeinen Navigation. Sie richten keinen Schaden an.<\/p>\n<p class=\"p1\">Einige Cookies bleiben auf Ihrem Endger\u00e4t gespeichert, bis Sie diese l\u00f6schen. Sie erm\u00f6glichen es uns, Ihren Browser beim n\u00e4chsten Besuch wiederzuerkennen.<\/p>\n<p class=\"p1\">Durch die Nutzung unserer Website willigen Sie damit ein, dass wir Cookies setzen. Sie k\u00f6nnen in Ihren Browsereinstellungen die Annahme von Cookies verweigern. Wie dies im Einzelnen funktioniert, entnehmen Sie bitte der Anleitung Ihres Browser-Herstellers. Wenn Sie sich gegen bestimmte technische und\/oder funktionelle Cookies entscheiden, k\u00f6nnte die Funktionalit\u00e4t unserer Website eventuell eingeschr\u00e4nkt werden.<\/p>\n<p class=\"p1\">Ferner benutzt unsere Website das Social Media Plugin LinkedIn. Beim Besuch unserer Website werden jedoch keine Daten direkt an LinkedIn weitergeleitet.<\/p>\n<h3 class=\"p1\"><strong>IV. Google Analytics<\/strong><\/h3>\n<p class=\"p1\">Diese Website benutzt Google Analytics, einen Webanalysedienst der Google Inc., 1600 Amphitheatre Parkway, Mountain View, CA 94043, USA (\u201eGoogle\u201c). Google Analytics verwendet sog. \u201eCookies\u201c, Textdateien, die auf Ihrem Computer gespeichert werden und die eine Analyse der Benutzung der Website durch Sie erm\u00f6glicht. Die durch den Cookie erzeugten Informationen \u00fcber Ihre Benutzung dieser Website (einschlie\u00dflich Ihrer IP-Adresse) werden an einen Server von Google in den USA \u00fcbertragen und dort gespeichert. Google wird diese Informationen in unserem Auftrag benutzen, um Ihre Nutzung der Website auszuwerten, um Reports \u00fcber die Website-Aktivit\u00e4ten zusammenzustellen und um weitere mit der Website-Nutzung und der Internetnutzung verbundenen Dienstleistungen gegen\u00fcber Website-Betreibern zu erbringen. Wir setzen Google Analytics nur mit aktiver IP-Anonymisierung ein. Das bedeutet, die IP-Adresse der Nutzer wird von Google innerhalb von Mitgliedstaaten der Europ\u00e4ischen Union oder in anderen Vertragsstaaten des Abkommens \u00fcber den Europ\u00e4ischen Wirtschaftsraum gek\u00fcrzt. Nur in Ausnahmef\u00e4llen wird die IP-Adresse an einen Server von Google in den USA \u00fcbertragen und dort gek\u00fcrzt. Die im Rahmen von Google Analytics von Ihrem Browser \u00fcbermittelte IP-Adresse wird nicht mit anderen Daten von Google zusammengef\u00fchrt. Sie k\u00f6nnen die Installation der Cookies durch eine entsprechende Einstellung Ihrer Browser Software verhindern; wir weisen Sie jedoch darauf hin, dass Sie in diesem Fall gegebenenfalls nicht s\u00e4mtliche Funktionen dieser Website voll umf\u00e4nglich nutzen k\u00f6nnen. Sie k\u00f6nnen dar\u00fcber hinaus die Erfassung der durch das Cookie erzeugten und auf Ihre Nutzung der Website bezogenen Daten (inkl. Ihrer IP-Adresse) an Google sowie die Verarbeitung dieser Daten durch Google verhindern, indem sie das unter dem folgenden Link verf\u00fcgbare Browser-Plugin herunterladen und installieren: https:\/\/tools.google.com\/dlpage\/gaoptout?hl=de.<\/p>\n<p class=\"p1\">Wir nutzen Google Analytics, um die Nutzung unserer Website analysieren und regelm\u00e4\u00dfig verbessern zu k\u00f6nnen. N\u00e4here Informationen zu den Nutzungsbedingungen von Google sowie die Datenschutzerkl\u00e4rung von Google finden Sie unter https:\/\/google.com\/analytics\/terms\/de.html bzw. unter https:\/\/policies.google.com\/?hl=de.<\/p>\n<h3 class=\"p1\"><strong>V. Bewerbung<\/strong><\/h3>\n<p class=\"p1\">Jene Daten, die Sie uns im Rahmen Ihrer Bewerbung mitteilen, werden ausschlie\u00dflich f\u00fcr die Abwicklung des Bewerbungsprozesses verarbeitet. F\u00fcr die Abwicklung des Bewerbungsprozesses wird ein von uns beauftragter Auftragsverarbeiter iSd Art 28 DSGVO eingesetzt.<\/p>\n<p class=\"p1\">Sollten Sie mit der Verarbeitung Ihrer Daten, welche Sie uns im Rahmen Ihrer Bewerbung bekannt gegeben haben, nicht mehr einverstanden sein, k\u00f6nnen Sie Ihre Einwilligung jederzeit unter office@rechtsanwalt-schwaz.at widerrufen (siehe auch Punkt VI).<\/p>\n<h3 class=\"p1\"><strong>VI. Einwilligung und Recht auf Widerruf<\/strong><\/h3>\n<p class=\"p1\">Ist f\u00fcr die Verarbeitung Ihrer Daten Ihre Einwilligung notwendig, verarbeiten wir diese erst nach Ihrer ausdr\u00fccklichen Zustimmung.<\/p>\n<p class=\"p1\">Grunds\u00e4tzlich verarbeiten wir keine Daten minderj\u00e4hriger Personen und sind dazu auch nicht befugt. Mit der Abgabe Ihrer Einwilligung best\u00e4tigen Sie, dass Sie das 14. Lebensjahr vollendet haben oder die Einwilligung Ihres gesetzlichen Vertreters vorliegt.<\/p>\n<p class=\"p1\">Ihre Einwilligung k\u00f6nnen Sie jederzeit unter folgender E-Mail-Adresse widerrufen: office@rechtsanwalt-schwaz.at. Im Falle des Widerrufs der Einwilligung wird die Rechtm\u00e4\u00dfigkeit der aufgrund der Einwilligung bis zum Widerruf erfolgten Verarbeitung nicht ber\u00fchrt.<\/p>\n<h3 class=\"p1\"><strong>VII. Datensicherheit<\/strong><\/h3>\n<p class=\"p1\">Ihre Datensicherheit ist unser h\u00f6chstes Anliegen. Wir sind daher sehr bestrebt, alle erforderlichen technischen und organisatorischen Sicherheitsma\u00dfnahmen zu treffen, um die Sicherheit der Datenverarbeitung zu gew\u00e4hrleisten und Ihre personenbezogenen Daten so zu verarbeiten, dass sie vor zuf\u00e4lliger oder vors\u00e4tzlicher Manipulation, Verlust oder Zerst\u00f6rung oder vor Zugriffen durch unbefugte Dritte gesch\u00fctzt sind. Unsere Sicherheitsma\u00dfnahmen werden entsprechend des technischen Fortschritts fortlaufend verbessert.<\/p>\n<h3 class=\"p1\"><strong>VIII. Ihre Rechte<\/strong><\/h3>\n<p class=\"p1\">Ihnen stehen grunds\u00e4tzlich jederzeit die Rechte auf Auskunft, Berichtigung, L\u00f6schung, Einschr\u00e4nkung, Daten\u00fcbertragbarkeit, Widerruf und Widerspruch zu. Wenn Sie der Auffassung sind, dass die Verarbeitung Ihrer Daten gegen das Datenschutzrecht verst\u00f6\u00dft oder Ihre datenschutzrechtlichen Anspr\u00fcche sonst in einer Weise verletzt worden sind, k\u00f6nnen Sie sich bei der Aufsichtsbeh\u00f6rde beschweren. In \u00d6sterreich ist dies die \u00d6sterreichische Datenschutzbeh\u00f6rde (Wickenburggasse 8, 1080 Wien, Email: dsb@dsb.gv.at).<\/p>\n<p class=\"p1\">Sollten Sie von uns Direktwerbung (z.B. eine Veranstaltungseinladung per Post) erhalten, ist die Rechtsgrundlage f\u00fcr die \u00dcbermittlung unser berechtigtes Interesse. Sie haben jedoch gem\u00e4\u00df Art 21 DSGVO das Recht, jederzeit Widerspruch gegen die Verarbeitung Sie betreffender personenbezogener Daten zum Zwecke derartiger Werbung einzulegen. Den Widerspruch richten Sie bitte an office@rechtsanwalt-schwaz.at Im Falle eines solchen Widerspruchs werden die f\u00fcr den Zweck der Direktwerbung verarbeiteten personenbezogenen Daten nicht mehr verarbeitet.<\/p>\n<h3 class=\"p1\"><strong>IX. Auskunft und Kontakt<\/strong><\/h3>\n<p class=\"p1\">Sie behalten die Kontrolle \u00fcber s\u00e4mtliche personenbezogenen Daten, die Sie uns zur Verf\u00fcgung stellen. Auf Anforderung teilen wir Ihnen gerne schriftlich mit, ob und welche personenbezogenen Daten bei uns gespeichert sind. Hier k\u00f6nnen Sie auch die L\u00f6schung Ihrer bei uns gespeicherten Daten verlangen, sofern diese nicht zur Abwicklung vertraglicher Beziehungen zwischen Ihnen und uns ben\u00f6tigt werden oder wir aus gesetzlichen Gr\u00fcnden zur Aufbewahrung verpflichtet sind bzw. wir die Daten zur Abwehr allf\u00e4lliger Haftungsanspr\u00fcche ben\u00f6tigen.<\/p>\n<p class=\"p1\">Wenden Sie sich bez\u00fcglich Ihrer Rechte, gerne auch bei sonstigen Fragen und Anregungen zur Datenschutzerkl\u00e4rung bitte an uns unter: office@rechtsanwalt-schwaz.at oder schreiben Sie an:<\/p>\n<p class=\"p1\">Dr. Janovsky Rechtsanwalts GmbH &amp; Co KG<br \/>\nBurggasse 8<br \/>\n6130 Schwaz<br \/>\nAustria<\/p>","protected":false},"excerpt":{"rendered":"<p>Diese Datenschutzerkl\u00e4rung gilt f\u00fcr die Website www.rechtsanwalt-schwaz.at. Im Folgenden informieren wir Sie \u00fcber die Erhebung Ihrer personenbezogenen Daten bei Nutzung dieser Website. F\u00fcr die Datenverarbeitung verantwortlich ist: Dr. Janovsky Rechtsanwalts GmbH &amp; Co KG Burggasse 8 6130 Schwaz \u00d6sterreich Email: office(at)rechtsanwalt-schwaz.at Bei der Erhebung und Verarbeitung Ihrer Daten halten wir uns strikt an die datenschutzrechtlichen [&hellip;]<\/p>\n","protected":false},"author":3,"featured_media":0,"parent":0,"menu_order":0,"comment_status":"closed","ping_status":"closed","template":"","meta":{"footnotes":""},"yoast_head":"<!-- This site is optimized with the Yoast SEO plugin v23.5 - https:\/\/yoast.com\/wordpress\/plugins\/seo\/ -->\n<title>Datenschutz<\/title>\n<meta name=\"description\" content=\"Unsere Datenschutzseite informiert Sie \u00fcber den Schutz Ihrer personenbezogenen Daten gem\u00e4\u00df den geltenden Datenschutzbestimmungen.\" \/>\n<meta name=\"robots\" content=\"index, follow, max-snippet:-1, max-image-preview:large, max-video-preview:-1\" \/>\n<link rel=\"canonical\" href=\"https:\/\/rechtsanwalt-schwaz.at\/en\/datenschutz\/\" \/>\n<meta property=\"og:locale\" content=\"en_US\" \/>\n<meta property=\"og:type\" content=\"article\" \/>\n<meta property=\"og:title\" content=\"Datenschutz\" \/>\n<meta property=\"og:description\" content=\"Unsere Datenschutzseite informiert Sie \u00fcber den Schutz Ihrer personenbezogenen Daten gem\u00e4\u00df den geltenden Datenschutzbestimmungen.\" \/>\n<meta property=\"og:url\" content=\"https:\/\/rechtsanwalt-schwaz.at\/en\/datenschutz\/\" \/>\n<meta property=\"og:site_name\" content=\"Rechtsanwalt Schwaz\" \/>\n<meta property=\"article:modified_time\" content=\"2024-05-27T08:24:48+00:00\" \/>\n<meta property=\"og:image\" content=\"https:\/\/rechtsanwalt-schwaz.at\/wp-content\/uploads\/2023\/02\/rechtsanwalt-schwaz-header-2.jpg\" \/>\n\t<meta property=\"og:image:width\" content=\"1740\" \/>\n\t<meta property=\"og:image:height\" content=\"552\" \/>\n\t<meta property=\"og:image:type\" content=\"image\/jpeg\" \/>\n<meta name=\"twitter:card\" content=\"summary_large_image\" \/>\n<meta name=\"twitter:label1\" content=\"Est. reading time\" \/>\n\t<meta name=\"twitter:data1\" content=\"9 minutes\" \/>\n<script type=\"application\/ld+json\" class=\"yoast-schema-graph\">{\"@context\":\"https:\/\/schema.org\",\"@graph\":[{\"@type\":\"WebPage\",\"@id\":\"https:\/\/rechtsanwalt-schwaz.at\/datenschutz\/\",\"url\":\"https:\/\/rechtsanwalt-schwaz.at\/datenschutz\/\",\"name\":\"Datenschutz\",\"isPartOf\":{\"@id\":\"https:\/\/rechtsanwalt-schwaz.at\/#website\"},\"datePublished\":\"2022-12-21T03:10:22+00:00\",\"dateModified\":\"2024-05-27T08:24:48+00:00\",\"description\":\"Unsere Datenschutzseite informiert Sie \u00fcber den Schutz Ihrer personenbezogenen Daten gem\u00e4\u00df den geltenden Datenschutzbestimmungen.\",\"breadcrumb\":{\"@id\":\"https:\/\/rechtsanwalt-schwaz.at\/datenschutz\/#breadcrumb\"},\"inLanguage\":\"en-US\",\"potentialAction\":[{\"@type\":\"ReadAction\",\"target\":[\"https:\/\/rechtsanwalt-schwaz.at\/datenschutz\/\"]}]},{\"@type\":\"BreadcrumbList\",\"@id\":\"https:\/\/rechtsanwalt-schwaz.at\/datenschutz\/#breadcrumb\",\"itemListElement\":[{\"@type\":\"ListItem\",\"position\":1,\"name\":\"Startseite\",\"item\":\"https:\/\/rechtsanwalt-schwaz.at\/\"},{\"@type\":\"ListItem\",\"position\":2,\"name\":\"Datenschutz\"}]},{\"@type\":\"WebSite\",\"@id\":\"https:\/\/rechtsanwalt-schwaz.at\/#website\",\"url\":\"https:\/\/rechtsanwalt-schwaz.at\/\",\"name\":\"Rechtsanwalt Schwaz\",\"description\":\"Georg Janovsky ist ein hochqualifizierter und erfahrener Rechtsanwalt, der Ihnen bei s\u00e4mtlichen rechtlichen Anliegen zur Seite steht.\",\"publisher\":{\"@id\":\"https:\/\/rechtsanwalt-schwaz.at\/#organization\"},\"potentialAction\":[{\"@type\":\"SearchAction\",\"target\":{\"@type\":\"EntryPoint\",\"urlTemplate\":\"https:\/\/rechtsanwalt-schwaz.at\/?s={search_term_string}\"},\"query-input\":{\"@type\":\"PropertyValueSpecification\",\"valueRequired\":true,\"valueName\":\"search_term_string\"}}],\"inLanguage\":\"en-US\"},{\"@type\":\"Organization\",\"@id\":\"https:\/\/rechtsanwalt-schwaz.at\/#organization\",\"name\":\"Rechtsanwalt Schwaz\",\"url\":\"https:\/\/rechtsanwalt-schwaz.at\/\",\"logo\":{\"@type\":\"ImageObject\",\"inLanguage\":\"en-US\",\"@id\":\"https:\/\/rechtsanwalt-schwaz.at\/#\/schema\/logo\/image\/\",\"url\":\"https:\/\/rechtsanwalt-schwaz.agentur-seidemann.de\/wp-content\/uploads\/2023\/01\/janovsky-stecher-rechtsanwaelte.png\",\"contentUrl\":\"https:\/\/rechtsanwalt-schwaz.agentur-seidemann.de\/wp-content\/uploads\/2023\/01\/janovsky-stecher-rechtsanwaelte.png\",\"width\":277,\"height\":60,\"caption\":\"Rechtsanwalt Schwaz\"},\"image\":{\"@id\":\"https:\/\/rechtsanwalt-schwaz.at\/#\/schema\/logo\/image\/\"}}]}<\/script>\n<!-- \/ Yoast SEO plugin. -->","yoast_head_json":{"title":"Data protection","description":"Unsere Datenschutzseite informiert Sie \u00fcber den Schutz Ihrer personenbezogenen Daten gem\u00e4\u00df den geltenden Datenschutzbestimmungen.","robots":{"index":"index","follow":"follow","max-snippet":"max-snippet:-1","max-image-preview":"max-image-preview:large","max-video-preview":"max-video-preview:-1"},"canonical":"https:\/\/rechtsanwalt-schwaz.at\/en\/datenschutz\/","og_locale":"en_US","og_type":"article","og_title":"Datenschutz","og_description":"Unsere Datenschutzseite informiert Sie \u00fcber den Schutz Ihrer personenbezogenen Daten gem\u00e4\u00df den geltenden Datenschutzbestimmungen.","og_url":"https:\/\/rechtsanwalt-schwaz.at\/en\/datenschutz\/","og_site_name":"Rechtsanwalt Schwaz","article_modified_time":"2024-05-27T08:24:48+00:00","og_image":[{"width":1740,"height":552,"url":"https:\/\/rechtsanwalt-schwaz.at\/wp-content\/uploads\/2023\/02\/rechtsanwalt-schwaz-header-2.jpg","type":"image\/jpeg"}],"twitter_card":"summary_large_image","twitter_misc":{"Est. reading time":"9 minutes"},"schema":{"@context":"https:\/\/schema.org","@graph":[{"@type":"WebPage","@id":"https:\/\/rechtsanwalt-schwaz.at\/datenschutz\/","url":"https:\/\/rechtsanwalt-schwaz.at\/datenschutz\/","name":"Data protection","isPartOf":{"@id":"https:\/\/rechtsanwalt-schwaz.at\/#website"},"datePublished":"2022-12-21T03:10:22+00:00","dateModified":"2024-05-27T08:24:48+00:00","description":"Unsere Datenschutzseite informiert Sie \u00fcber den Schutz Ihrer personenbezogenen Daten gem\u00e4\u00df den geltenden Datenschutzbestimmungen.","breadcrumb":{"@id":"https:\/\/rechtsanwalt-schwaz.at\/datenschutz\/#breadcrumb"},"inLanguage":"en-US","potentialAction":[{"@type":"ReadAction","target":["https:\/\/rechtsanwalt-schwaz.at\/datenschutz\/"]}]},{"@type":"BreadcrumbList","@id":"https:\/\/rechtsanwalt-schwaz.at\/datenschutz\/#breadcrumb","itemListElement":[{"@type":"ListItem","position":1,"name":"Startseite","item":"https:\/\/rechtsanwalt-schwaz.at\/"},{"@type":"ListItem","position":2,"name":"Datenschutz"}]},{"@type":"WebSite","@id":"https:\/\/rechtsanwalt-schwaz.at\/#website","url":"https:\/\/rechtsanwalt-schwaz.at\/","name":"Rechtsanwalt Schwaz","description":"Georg Janovsky ist ein hochqualifizierter und erfahrener Rechtsanwalt, der Ihnen bei s\u00e4mtlichen rechtlichen Anliegen zur Seite steht.","publisher":{"@id":"https:\/\/rechtsanwalt-schwaz.at\/#organization"},"potentialAction":[{"@type":"SearchAction","target":{"@type":"EntryPoint","urlTemplate":"https:\/\/rechtsanwalt-schwaz.at\/?s={search_term_string}"},"query-input":{"@type":"PropertyValueSpecification","valueRequired":true,"valueName":"search_term_string"}}],"inLanguage":"en-US"},{"@type":"Organization","@id":"https:\/\/rechtsanwalt-schwaz.at\/#organization","name":"Rechtsanwalt Schwaz","url":"https:\/\/rechtsanwalt-schwaz.at\/","logo":{"@type":"ImageObject","inLanguage":"en-US","@id":"https:\/\/rechtsanwalt-schwaz.at\/#\/schema\/logo\/image\/","url":"https:\/\/rechtsanwalt-schwaz.agentur-seidemann.de\/wp-content\/uploads\/2023\/01\/janovsky-stecher-rechtsanwaelte.png","contentUrl":"https:\/\/rechtsanwalt-schwaz.agentur-seidemann.de\/wp-content\/uploads\/2023\/01\/janovsky-stecher-rechtsanwaelte.png","width":277,"height":60,"caption":"Rechtsanwalt Schwaz"},"image":{"@id":"https:\/\/rechtsanwalt-schwaz.at\/#\/schema\/logo\/image\/"}}]}},"_links":{"self":[{"href":"https:\/\/rechtsanwalt-schwaz.at\/en\/wp-json\/wp\/v2\/pages\/31"}],"collection":[{"href":"https:\/\/rechtsanwalt-schwaz.at\/en\/wp-json\/wp\/v2\/pages"}],"about":[{"href":"https:\/\/rechtsanwalt-schwaz.at\/en\/wp-json\/wp\/v2\/types\/page"}],"author":[{"embeddable":true,"href":"https:\/\/rechtsanwalt-schwaz.at\/en\/wp-json\/wp\/v2\/users\/3"}],"replies":[{"embeddable":true,"href":"https:\/\/rechtsanwalt-schwaz.at\/en\/wp-json\/wp\/v2\/comments?post=31"}],"version-history":[{"count":9,"href":"https:\/\/rechtsanwalt-schwaz.at\/en\/wp-json\/wp\/v2\/pages\/31\/revisions"}],"predecessor-version":[{"id":182,"href":"https:\/\/rechtsanwalt-schwaz.at\/en\/wp-json\/wp\/v2\/pages\/31\/revisions\/182"}],"wp:attachment":[{"href":"https:\/\/rechtsanwalt-schwaz.at\/en\/wp-json\/wp\/v2\/media?parent=31"}],"curies":[{"name":"wp","href":"https:\/\/api.w.org\/{rel}","templated":true}]}}