{"id":29,"date":"2022-12-21T04:10:14","date_gmt":"2022-12-21T03:10:14","guid":{"rendered":"https:\/\/todan-agency.agentur-seidemann.de\/?page_id=29"},"modified":"2024-05-27T10:19:42","modified_gmt":"2024-05-27T08:19:42","slug":"impressum","status":"publish","type":"page","link":"https:\/\/rechtsanwalt-schwaz.at\/en\/impressum\/","title":{"rendered":"Imprint"},"content":{"rendered":"<p class=\"p1\"><strong>Medieninhaber und Herausgeber:<\/strong><\/p>\n<p class=\"p1\">Dr. Janovsky Rechtsanwalts GmbH &amp; Co KG<br \/>\nBurggasse 8<br \/>\n6130 Schwaz<br \/>\nAustria<br \/>\nEmail: office(at)rechtsanwalt-schwaz.at<br \/>\nT +43 (0) 5242 64 366<br \/>\nF +43 (0) 5242 71 083<\/p>\n<p class=\"p1\">UID-Nr.: ATU79989648<\/p>\n<p class=\"p1\">RA-Code: P820134<br \/>\nFN\u00a0613145i, Landesgericht Innsbruck<\/p>\n<p class=\"p1\">Unternehmenszweck: Aus\u00fcbung der Rechtsanwaltschaft<\/p>\n<p class=\"p1\">Unbeschr\u00e4nkt haftende Gesellschafterin: Dr. Janovsky Rechtsanwalts GmbH<br \/>\nGesch\u00e4ftsf\u00fchrender Gesellschafter: Rechtsanwalt MMag. Dr. Georg Janovsky<br \/>\nSitz: Schwaz<br \/>\nFN 613144h, Landesgericht Innsbruck<\/p>\n<p class=\"p3\"><span class=\"s1\"><b>S\u00e4mtliche Beratungs- und Vertretungsleistungen werden ausschlie\u00dflich durch die Dr. Janovsky Rechtsanwalts GmbH &amp; Co KG, vertreten durch die pers\u00f6nlich haftende Gesellschafterin Dr. Janovsky Rechtsanwalts GmbH, diese wiederum vertreten durch Rechtsanwalt MMag. Dr. Georg Janovsky, erbracht. Ein Vertrag \u00fcber die Erbringung von rechtsanwaltlichen Leistungen kommt somit ausschlie\u00dflich mit der Dr. Janovsky Rechtsanwalts GmbH &amp; Co KG zustande. <\/b><\/span><\/p>\n<p class=\"p3\">Die Dr. Janovsky Rechtsanwalts GmbH &amp; Co KG und Rechtsanwalt MMag. Dr. Georg Janovsky unterliegen dem einschl\u00e4gigen Standesrecht (insbesondere der Rechtsanwaltsordnung (RAO) und den Richtlinien f\u00fcr die Aus\u00fcbung des Rechtsanwaltsberufs (RL-BA 2015)) sowie der Aufsicht durch die Tiroler Rechtsanwaltskammer.<\/p>\n<p class=\"p1\">Kontoverbindung: allgemeines Treuhandkonto<br \/>\nRaiffeisen Regionalbank Schwaz-Wattens eGen<br \/>\nBAN AT79 3632 2000 0026 0000<br \/>\nBIC RZTIAT22322<\/p>\n<h3 class=\"p2\">Disclaimer<\/h3>\n<p class=\"p2\">Die Inhalte auf dieser Webseite werden nur zum Zweck allgemeiner Information bereitgestellt und stellen keine rechtliche Auskunft zu einem bestimmten Thema dar. Die Dr. Janovsky Rechtsanwalts GmbH &amp; Co KG \u00fcbernimmt keine Haftung f\u00fcr direkte, indirekte oder zuf\u00e4llige Sch\u00e4den bzw. Folgesch\u00e4den, die sich aus dem Zugang oder der Verwendung dieser Webseite ergeben. Dies beinhaltet auch Computerviren oder die Verwendung von Informationen, die diese Website beinhaltet. Externe Webseiten k\u00f6nnen eine Verkn\u00fcpfung auf diese Webseite enthalten. Verkn\u00fcpfungen von dieser Website auf eine andere (\u201eHyperlink\u201c) stellen wir den Besuchern unserer Seite als Service zur Verf\u00fcgung. Diese externen Webseiten sind g\u00e4nzlich unabh\u00e4ngig und entziehen sich der Einflussnahme durch die Dr. Janovsky Rechtsanwalts GmbH &amp; Co KG. Die Dr. Janovsky Rechtsanwalts GmbH &amp; Co KG \u00fcbernimmt daher keine Verantwortung f\u00fcr die Inhalte fremder Webseiten, vor allem nicht f\u00fcr ihre Richtigkeit, Vollst\u00e4ndigkeit, Aktualit\u00e4t oder Gesetzm\u00e4\u00dfigkeit.<\/p>","protected":false},"excerpt":{"rendered":"<p>Medieninhaber und Herausgeber: Dr. Janovsky Rechtsanwalts GmbH &amp; Co KG Burggasse 8 6130 Schwaz \u00d6sterreich Email: office(at)rechtsanwalt-schwaz.at T +43 (0) 5242 64 366 F +43 (0) 5242 71 083 UID-Nr.: ATU79989648 RA-Code: P820134 FN\u00a0613145i, Landesgericht Innsbruck Unternehmenszweck: Aus\u00fcbung der Rechtsanwaltschaft Unbeschr\u00e4nkt haftende Gesellschafterin: Dr. Janovsky Rechtsanwalts GmbH Gesch\u00e4ftsf\u00fchrender Gesellschafter: Rechtsanwalt MMag. Dr. Georg Janovsky Sitz: [&hellip;]<\/p>\n","protected":false},"author":3,"featured_media":0,"parent":0,"menu_order":0,"comment_status":"closed","ping_status":"closed","template":"","meta":{"footnotes":""},"yoast_head":"<!-- This site is optimized with the Yoast SEO plugin v23.5 - https:\/\/yoast.com\/wordpress\/plugins\/seo\/ -->\n<title>Impressum<\/title>\n<meta name=\"description\" content=\"Alle notwendigen Informationen finden Sie in unserem Impressum. Transparenz und Vertrauen sind uns wichtig.\" \/>\n<meta name=\"robots\" content=\"index, follow, max-snippet:-1, max-image-preview:large, max-video-preview:-1\" \/>\n<link rel=\"canonical\" href=\"https:\/\/rechtsanwalt-schwaz.at\/en\/impressum\/\" \/>\n<meta property=\"og:locale\" content=\"en_US\" \/>\n<meta property=\"og:type\" content=\"article\" \/>\n<meta property=\"og:title\" content=\"Impressum\" \/>\n<meta property=\"og:description\" content=\"Alle notwendigen Informationen finden Sie in unserem Impressum. Transparenz und Vertrauen sind uns wichtig.\" \/>\n<meta property=\"og:url\" content=\"https:\/\/rechtsanwalt-schwaz.at\/en\/impressum\/\" \/>\n<meta property=\"og:site_name\" content=\"Rechtsanwalt Schwaz\" \/>\n<meta property=\"article:modified_time\" content=\"2024-05-27T08:19:42+00:00\" \/>\n<meta property=\"og:image\" content=\"https:\/\/rechtsanwalt-schwaz.at\/wp-content\/uploads\/2023\/02\/rechtsanwalt-schwaz-header-2.jpg\" \/>\n\t<meta property=\"og:image:width\" content=\"1740\" \/>\n\t<meta property=\"og:image:height\" content=\"552\" \/>\n\t<meta property=\"og:image:type\" content=\"image\/jpeg\" \/>\n<meta name=\"twitter:card\" content=\"summary_large_image\" \/>\n<meta name=\"twitter:label1\" content=\"Est. reading time\" \/>\n\t<meta name=\"twitter:data1\" content=\"2 minutes\" \/>\n<script type=\"application\/ld+json\" class=\"yoast-schema-graph\">{\"@context\":\"https:\/\/schema.org\",\"@graph\":[{\"@type\":\"WebPage\",\"@id\":\"https:\/\/rechtsanwalt-schwaz.at\/impressum\/\",\"url\":\"https:\/\/rechtsanwalt-schwaz.at\/impressum\/\",\"name\":\"Impressum\",\"isPartOf\":{\"@id\":\"https:\/\/rechtsanwalt-schwaz.at\/#website\"},\"datePublished\":\"2022-12-21T03:10:14+00:00\",\"dateModified\":\"2024-05-27T08:19:42+00:00\",\"description\":\"Alle notwendigen Informationen finden Sie in unserem Impressum. Transparenz und Vertrauen sind uns wichtig.\",\"breadcrumb\":{\"@id\":\"https:\/\/rechtsanwalt-schwaz.at\/impressum\/#breadcrumb\"},\"inLanguage\":\"en-US\",\"potentialAction\":[{\"@type\":\"ReadAction\",\"target\":[\"https:\/\/rechtsanwalt-schwaz.at\/impressum\/\"]}]},{\"@type\":\"BreadcrumbList\",\"@id\":\"https:\/\/rechtsanwalt-schwaz.at\/impressum\/#breadcrumb\",\"itemListElement\":[{\"@type\":\"ListItem\",\"position\":1,\"name\":\"Startseite\",\"item\":\"https:\/\/rechtsanwalt-schwaz.at\/\"},{\"@type\":\"ListItem\",\"position\":2,\"name\":\"Impressum\"}]},{\"@type\":\"WebSite\",\"@id\":\"https:\/\/rechtsanwalt-schwaz.at\/#website\",\"url\":\"https:\/\/rechtsanwalt-schwaz.at\/\",\"name\":\"Rechtsanwalt Schwaz\",\"description\":\"Georg Janovsky ist ein hochqualifizierter und erfahrener Rechtsanwalt, der Ihnen bei s\u00e4mtlichen rechtlichen Anliegen zur Seite steht.\",\"publisher\":{\"@id\":\"https:\/\/rechtsanwalt-schwaz.at\/#organization\"},\"potentialAction\":[{\"@type\":\"SearchAction\",\"target\":{\"@type\":\"EntryPoint\",\"urlTemplate\":\"https:\/\/rechtsanwalt-schwaz.at\/?s={search_term_string}\"},\"query-input\":{\"@type\":\"PropertyValueSpecification\",\"valueRequired\":true,\"valueName\":\"search_term_string\"}}],\"inLanguage\":\"en-US\"},{\"@type\":\"Organization\",\"@id\":\"https:\/\/rechtsanwalt-schwaz.at\/#organization\",\"name\":\"Rechtsanwalt Schwaz\",\"url\":\"https:\/\/rechtsanwalt-schwaz.at\/\",\"logo\":{\"@type\":\"ImageObject\",\"inLanguage\":\"en-US\",\"@id\":\"https:\/\/rechtsanwalt-schwaz.at\/#\/schema\/logo\/image\/\",\"url\":\"https:\/\/rechtsanwalt-schwaz.agentur-seidemann.de\/wp-content\/uploads\/2023\/01\/janovsky-stecher-rechtsanwaelte.png\",\"contentUrl\":\"https:\/\/rechtsanwalt-schwaz.agentur-seidemann.de\/wp-content\/uploads\/2023\/01\/janovsky-stecher-rechtsanwaelte.png\",\"width\":277,\"height\":60,\"caption\":\"Rechtsanwalt Schwaz\"},\"image\":{\"@id\":\"https:\/\/rechtsanwalt-schwaz.at\/#\/schema\/logo\/image\/\"}}]}<\/script>\n<!-- \/ Yoast SEO plugin. -->","yoast_head_json":{"title":"Imprint","description":"Alle notwendigen Informationen finden Sie in unserem Impressum. Transparenz und Vertrauen sind uns wichtig.","robots":{"index":"index","follow":"follow","max-snippet":"max-snippet:-1","max-image-preview":"max-image-preview:large","max-video-preview":"max-video-preview:-1"},"canonical":"https:\/\/rechtsanwalt-schwaz.at\/en\/impressum\/","og_locale":"en_US","og_type":"article","og_title":"Impressum","og_description":"Alle notwendigen Informationen finden Sie in unserem Impressum. Transparenz und Vertrauen sind uns wichtig.","og_url":"https:\/\/rechtsanwalt-schwaz.at\/en\/impressum\/","og_site_name":"Rechtsanwalt Schwaz","article_modified_time":"2024-05-27T08:19:42+00:00","og_image":[{"width":1740,"height":552,"url":"https:\/\/rechtsanwalt-schwaz.at\/wp-content\/uploads\/2023\/02\/rechtsanwalt-schwaz-header-2.jpg","type":"image\/jpeg"}],"twitter_card":"summary_large_image","twitter_misc":{"Est. reading time":"2 minutes"},"schema":{"@context":"https:\/\/schema.org","@graph":[{"@type":"WebPage","@id":"https:\/\/rechtsanwalt-schwaz.at\/impressum\/","url":"https:\/\/rechtsanwalt-schwaz.at\/impressum\/","name":"Imprint","isPartOf":{"@id":"https:\/\/rechtsanwalt-schwaz.at\/#website"},"datePublished":"2022-12-21T03:10:14+00:00","dateModified":"2024-05-27T08:19:42+00:00","description":"Alle notwendigen Informationen finden Sie in unserem Impressum. Transparenz und Vertrauen sind uns wichtig.","breadcrumb":{"@id":"https:\/\/rechtsanwalt-schwaz.at\/impressum\/#breadcrumb"},"inLanguage":"en-US","potentialAction":[{"@type":"ReadAction","target":["https:\/\/rechtsanwalt-schwaz.at\/impressum\/"]}]},{"@type":"BreadcrumbList","@id":"https:\/\/rechtsanwalt-schwaz.at\/impressum\/#breadcrumb","itemListElement":[{"@type":"ListItem","position":1,"name":"Startseite","item":"https:\/\/rechtsanwalt-schwaz.at\/"},{"@type":"ListItem","position":2,"name":"Impressum"}]},{"@type":"WebSite","@id":"https:\/\/rechtsanwalt-schwaz.at\/#website","url":"https:\/\/rechtsanwalt-schwaz.at\/","name":"Rechtsanwalt Schwaz","description":"Georg Janovsky ist ein hochqualifizierter und erfahrener Rechtsanwalt, der Ihnen bei s\u00e4mtlichen rechtlichen Anliegen zur Seite steht.","publisher":{"@id":"https:\/\/rechtsanwalt-schwaz.at\/#organization"},"potentialAction":[{"@type":"SearchAction","target":{"@type":"EntryPoint","urlTemplate":"https:\/\/rechtsanwalt-schwaz.at\/?s={search_term_string}"},"query-input":{"@type":"PropertyValueSpecification","valueRequired":true,"valueName":"search_term_string"}}],"inLanguage":"en-US"},{"@type":"Organization","@id":"https:\/\/rechtsanwalt-schwaz.at\/#organization","name":"Rechtsanwalt Schwaz","url":"https:\/\/rechtsanwalt-schwaz.at\/","logo":{"@type":"ImageObject","inLanguage":"en-US","@id":"https:\/\/rechtsanwalt-schwaz.at\/#\/schema\/logo\/image\/","url":"https:\/\/rechtsanwalt-schwaz.agentur-seidemann.de\/wp-content\/uploads\/2023\/01\/janovsky-stecher-rechtsanwaelte.png","contentUrl":"https:\/\/rechtsanwalt-schwaz.agentur-seidemann.de\/wp-content\/uploads\/2023\/01\/janovsky-stecher-rechtsanwaelte.png","width":277,"height":60,"caption":"Rechtsanwalt Schwaz"},"image":{"@id":"https:\/\/rechtsanwalt-schwaz.at\/#\/schema\/logo\/image\/"}}]}},"_links":{"self":[{"href":"https:\/\/rechtsanwalt-schwaz.at\/en\/wp-json\/wp\/v2\/pages\/29"}],"collection":[{"href":"https:\/\/rechtsanwalt-schwaz.at\/en\/wp-json\/wp\/v2\/pages"}],"about":[{"href":"https:\/\/rechtsanwalt-schwaz.at\/en\/wp-json\/wp\/v2\/types\/page"}],"author":[{"embeddable":true,"href":"https:\/\/rechtsanwalt-schwaz.at\/en\/wp-json\/wp\/v2\/users\/3"}],"replies":[{"embeddable":true,"href":"https:\/\/rechtsanwalt-schwaz.at\/en\/wp-json\/wp\/v2\/comments?post=29"}],"version-history":[{"count":7,"href":"https:\/\/rechtsanwalt-schwaz.at\/en\/wp-json\/wp\/v2\/pages\/29\/revisions"}],"predecessor-version":[{"id":179,"href":"https:\/\/rechtsanwalt-schwaz.at\/en\/wp-json\/wp\/v2\/pages\/29\/revisions\/179"}],"wp:attachment":[{"href":"https:\/\/rechtsanwalt-schwaz.at\/en\/wp-json\/wp\/v2\/media?parent=29"}],"curies":[{"name":"wp","href":"https:\/\/api.w.org\/{rel}","templated":true}]}}