{"id":111,"date":"2023-01-29T03:13:17","date_gmt":"2023-01-29T02:13:17","guid":{"rendered":"https:\/\/rechtsanwalt-schwaz.agentur-seidemann.de\/?page_id=111"},"modified":"2023-02-15T20:02:55","modified_gmt":"2023-02-15T19:02:55","slug":"taetigkeitsbereich","status":"publish","type":"page","link":"https:\/\/rechtsanwalt-schwaz.at\/en\/taetigkeitsbereich\/","title":{"rendered":"Practice areas"},"content":{"rendered":"","protected":false},"excerpt":{"rendered":"","protected":false},"author":3,"featured_media":0,"parent":0,"menu_order":0,"comment_status":"closed","ping_status":"closed","template":"","meta":{"footnotes":""},"yoast_head":"<!-- This site is optimized with the Yoast SEO plugin v23.5 - https:\/\/yoast.com\/wordpress\/plugins\/seo\/ -->\n<title>T\u00e4tigkeitsbereiche<\/title>\n<meta name=\"description\" content=\"Entdecken Sie unsere T\u00e4tigkeitsbereiche. Erfahren Sie mehr \u00fcber unsere Kompetenzen und Expertise auf der Webseite.\" \/>\n<meta name=\"robots\" content=\"index, follow, max-snippet:-1, max-image-preview:large, max-video-preview:-1\" \/>\n<link rel=\"canonical\" href=\"https:\/\/rechtsanwalt-schwaz.at\/en\/taetigkeitsbereich\/\" \/>\n<meta property=\"og:locale\" content=\"en_US\" \/>\n<meta property=\"og:type\" content=\"article\" \/>\n<meta property=\"og:title\" content=\"T\u00e4tigkeitsbereiche\" \/>\n<meta property=\"og:description\" content=\"Entdecken Sie unsere T\u00e4tigkeitsbereiche. Erfahren Sie mehr \u00fcber unsere Kompetenzen und Expertise auf der Webseite.\" \/>\n<meta property=\"og:url\" content=\"https:\/\/rechtsanwalt-schwaz.at\/en\/taetigkeitsbereich\/\" \/>\n<meta property=\"og:site_name\" content=\"Rechtsanwalt Schwaz\" \/>\n<meta property=\"article:modified_time\" content=\"2023-02-15T19:02:55+00:00\" \/>\n<meta property=\"og:image\" content=\"https:\/\/rechtsanwalt-schwaz.at\/wp-content\/uploads\/2023\/02\/rechtsanwalt-schwaz-header-2.jpg\" \/>\n\t<meta property=\"og:image:width\" content=\"1740\" \/>\n\t<meta property=\"og:image:height\" content=\"552\" \/>\n\t<meta property=\"og:image:type\" content=\"image\/jpeg\" \/>\n<meta name=\"twitter:card\" content=\"summary_large_image\" \/>\n<script type=\"application\/ld+json\" class=\"yoast-schema-graph\">{\"@context\":\"https:\/\/schema.org\",\"@graph\":[{\"@type\":\"WebPage\",\"@id\":\"https:\/\/rechtsanwalt-schwaz.at\/taetigkeitsbereich\/\",\"url\":\"https:\/\/rechtsanwalt-schwaz.at\/taetigkeitsbereich\/\",\"name\":\"T\u00e4tigkeitsbereiche\",\"isPartOf\":{\"@id\":\"https:\/\/rechtsanwalt-schwaz.at\/#website\"},\"datePublished\":\"2023-01-29T02:13:17+00:00\",\"dateModified\":\"2023-02-15T19:02:55+00:00\",\"description\":\"Entdecken Sie unsere T\u00e4tigkeitsbereiche. Erfahren Sie mehr \u00fcber unsere Kompetenzen und Expertise auf der Webseite.\",\"breadcrumb\":{\"@id\":\"https:\/\/rechtsanwalt-schwaz.at\/taetigkeitsbereich\/#breadcrumb\"},\"inLanguage\":\"en-US\",\"potentialAction\":[{\"@type\":\"ReadAction\",\"target\":[\"https:\/\/rechtsanwalt-schwaz.at\/taetigkeitsbereich\/\"]}]},{\"@type\":\"BreadcrumbList\",\"@id\":\"https:\/\/rechtsanwalt-schwaz.at\/taetigkeitsbereich\/#breadcrumb\",\"itemListElement\":[{\"@type\":\"ListItem\",\"position\":1,\"name\":\"Startseite\",\"item\":\"https:\/\/rechtsanwalt-schwaz.at\/\"},{\"@type\":\"ListItem\",\"position\":2,\"name\":\"T\u00e4tigkeitsbereiche\"}]},{\"@type\":\"WebSite\",\"@id\":\"https:\/\/rechtsanwalt-schwaz.at\/#website\",\"url\":\"https:\/\/rechtsanwalt-schwaz.at\/\",\"name\":\"Rechtsanwalt Schwaz\",\"description\":\"Georg Janovsky ist ein hochqualifizierter und erfahrener Rechtsanwalt, der Ihnen bei s\u00e4mtlichen rechtlichen Anliegen zur Seite steht.\",\"publisher\":{\"@id\":\"https:\/\/rechtsanwalt-schwaz.at\/#organization\"},\"potentialAction\":[{\"@type\":\"SearchAction\",\"target\":{\"@type\":\"EntryPoint\",\"urlTemplate\":\"https:\/\/rechtsanwalt-schwaz.at\/?s={search_term_string}\"},\"query-input\":{\"@type\":\"PropertyValueSpecification\",\"valueRequired\":true,\"valueName\":\"search_term_string\"}}],\"inLanguage\":\"en-US\"},{\"@type\":\"Organization\",\"@id\":\"https:\/\/rechtsanwalt-schwaz.at\/#organization\",\"name\":\"Rechtsanwalt Schwaz\",\"url\":\"https:\/\/rechtsanwalt-schwaz.at\/\",\"logo\":{\"@type\":\"ImageObject\",\"inLanguage\":\"en-US\",\"@id\":\"https:\/\/rechtsanwalt-schwaz.at\/#\/schema\/logo\/image\/\",\"url\":\"https:\/\/rechtsanwalt-schwaz.agentur-seidemann.de\/wp-content\/uploads\/2023\/01\/janovsky-stecher-rechtsanwaelte.png\",\"contentUrl\":\"https:\/\/rechtsanwalt-schwaz.agentur-seidemann.de\/wp-content\/uploads\/2023\/01\/janovsky-stecher-rechtsanwaelte.png\",\"width\":277,\"height\":60,\"caption\":\"Rechtsanwalt Schwaz\"},\"image\":{\"@id\":\"https:\/\/rechtsanwalt-schwaz.at\/#\/schema\/logo\/image\/\"}}]}<\/script>\n<!-- \/ Yoast SEO plugin. -->","yoast_head_json":{"title":"Practice areas","description":"Entdecken Sie unsere T\u00e4tigkeitsbereiche. Erfahren Sie mehr \u00fcber unsere Kompetenzen und Expertise auf der Webseite.","robots":{"index":"index","follow":"follow","max-snippet":"max-snippet:-1","max-image-preview":"max-image-preview:large","max-video-preview":"max-video-preview:-1"},"canonical":"https:\/\/rechtsanwalt-schwaz.at\/en\/taetigkeitsbereich\/","og_locale":"en_US","og_type":"article","og_title":"T\u00e4tigkeitsbereiche","og_description":"Entdecken Sie unsere T\u00e4tigkeitsbereiche. Erfahren Sie mehr \u00fcber unsere Kompetenzen und Expertise auf der Webseite.","og_url":"https:\/\/rechtsanwalt-schwaz.at\/en\/taetigkeitsbereich\/","og_site_name":"Rechtsanwalt Schwaz","article_modified_time":"2023-02-15T19:02:55+00:00","og_image":[{"width":1740,"height":552,"url":"https:\/\/rechtsanwalt-schwaz.at\/wp-content\/uploads\/2023\/02\/rechtsanwalt-schwaz-header-2.jpg","type":"image\/jpeg"}],"twitter_card":"summary_large_image","schema":{"@context":"https:\/\/schema.org","@graph":[{"@type":"WebPage","@id":"https:\/\/rechtsanwalt-schwaz.at\/taetigkeitsbereich\/","url":"https:\/\/rechtsanwalt-schwaz.at\/taetigkeitsbereich\/","name":"Practice areas","isPartOf":{"@id":"https:\/\/rechtsanwalt-schwaz.at\/#website"},"datePublished":"2023-01-29T02:13:17+00:00","dateModified":"2023-02-15T19:02:55+00:00","description":"Entdecken Sie unsere T\u00e4tigkeitsbereiche. Erfahren Sie mehr \u00fcber unsere Kompetenzen und Expertise auf der Webseite.","breadcrumb":{"@id":"https:\/\/rechtsanwalt-schwaz.at\/taetigkeitsbereich\/#breadcrumb"},"inLanguage":"en-US","potentialAction":[{"@type":"ReadAction","target":["https:\/\/rechtsanwalt-schwaz.at\/taetigkeitsbereich\/"]}]},{"@type":"BreadcrumbList","@id":"https:\/\/rechtsanwalt-schwaz.at\/taetigkeitsbereich\/#breadcrumb","itemListElement":[{"@type":"ListItem","position":1,"name":"Startseite","item":"https:\/\/rechtsanwalt-schwaz.at\/"},{"@type":"ListItem","position":2,"name":"T\u00e4tigkeitsbereiche"}]},{"@type":"WebSite","@id":"https:\/\/rechtsanwalt-schwaz.at\/#website","url":"https:\/\/rechtsanwalt-schwaz.at\/","name":"Rechtsanwalt Schwaz","description":"Georg Janovsky ist ein hochqualifizierter und erfahrener Rechtsanwalt, der Ihnen bei s\u00e4mtlichen rechtlichen Anliegen zur Seite steht.","publisher":{"@id":"https:\/\/rechtsanwalt-schwaz.at\/#organization"},"potentialAction":[{"@type":"SearchAction","target":{"@type":"EntryPoint","urlTemplate":"https:\/\/rechtsanwalt-schwaz.at\/?s={search_term_string}"},"query-input":{"@type":"PropertyValueSpecification","valueRequired":true,"valueName":"search_term_string"}}],"inLanguage":"en-US"},{"@type":"Organization","@id":"https:\/\/rechtsanwalt-schwaz.at\/#organization","name":"Rechtsanwalt Schwaz","url":"https:\/\/rechtsanwalt-schwaz.at\/","logo":{"@type":"ImageObject","inLanguage":"en-US","@id":"https:\/\/rechtsanwalt-schwaz.at\/#\/schema\/logo\/image\/","url":"https:\/\/rechtsanwalt-schwaz.agentur-seidemann.de\/wp-content\/uploads\/2023\/01\/janovsky-stecher-rechtsanwaelte.png","contentUrl":"https:\/\/rechtsanwalt-schwaz.agentur-seidemann.de\/wp-content\/uploads\/2023\/01\/janovsky-stecher-rechtsanwaelte.png","width":277,"height":60,"caption":"Rechtsanwalt Schwaz"},"image":{"@id":"https:\/\/rechtsanwalt-schwaz.at\/#\/schema\/logo\/image\/"}}]}},"_links":{"self":[{"href":"https:\/\/rechtsanwalt-schwaz.at\/en\/wp-json\/wp\/v2\/pages\/111"}],"collection":[{"href":"https:\/\/rechtsanwalt-schwaz.at\/en\/wp-json\/wp\/v2\/pages"}],"about":[{"href":"https:\/\/rechtsanwalt-schwaz.at\/en\/wp-json\/wp\/v2\/types\/page"}],"author":[{"embeddable":true,"href":"https:\/\/rechtsanwalt-schwaz.at\/en\/wp-json\/wp\/v2\/users\/3"}],"replies":[{"embeddable":true,"href":"https:\/\/rechtsanwalt-schwaz.at\/en\/wp-json\/wp\/v2\/comments?post=111"}],"version-history":[{"count":1,"href":"https:\/\/rechtsanwalt-schwaz.at\/en\/wp-json\/wp\/v2\/pages\/111\/revisions"}],"predecessor-version":[{"id":112,"href":"https:\/\/rechtsanwalt-schwaz.at\/en\/wp-json\/wp\/v2\/pages\/111\/revisions\/112"}],"wp:attachment":[{"href":"https:\/\/rechtsanwalt-schwaz.at\/en\/wp-json\/wp\/v2\/media?parent=111"}],"curies":[{"name":"wp","href":"https:\/\/api.w.org\/{rel}","templated":true}]}}