{"id":101,"date":"2023-01-29T03:00:18","date_gmt":"2023-01-29T02:00:18","guid":{"rendered":"https:\/\/rechtsanwalt-schwaz.agentur-seidemann.de\/?page_id=101"},"modified":"2023-02-15T19:56:46","modified_gmt":"2023-02-15T18:56:46","slug":"die-rechtsanwaelte","status":"publish","type":"page","link":"https:\/\/rechtsanwalt-schwaz.at\/en\/die-rechtsanwaelte\/","title":{"rendered":"Attorneys"},"content":{"rendered":"","protected":false},"excerpt":{"rendered":"","protected":false},"author":3,"featured_media":0,"parent":0,"menu_order":0,"comment_status":"closed","ping_status":"closed","template":"","meta":{"footnotes":""},"yoast_head":"<!-- This site is optimized with the Yoast SEO plugin v23.5 - https:\/\/yoast.com\/wordpress\/plugins\/seo\/ -->\n<title>Die Rechtsanw\u00e4lte<\/title>\n<meta name=\"description\" content=\"Unsere Rechtsanw\u00e4lte verf\u00fcgen \u00fcber umfassende Expertise in verschiedenen Rechtsbereichen. Wir bieten ma\u00dfgeschneiderte L\u00f6sungen!\" \/>\n<meta name=\"robots\" content=\"index, follow, max-snippet:-1, max-image-preview:large, max-video-preview:-1\" \/>\n<link rel=\"canonical\" href=\"https:\/\/rechtsanwalt-schwaz.at\/en\/die-rechtsanwaelte\/\" \/>\n<meta property=\"og:locale\" content=\"en_US\" \/>\n<meta property=\"og:type\" content=\"article\" \/>\n<meta property=\"og:title\" content=\"Die Rechtsanw\u00e4lte\" \/>\n<meta property=\"og:description\" content=\"Unsere Rechtsanw\u00e4lte verf\u00fcgen \u00fcber umfassende Expertise in verschiedenen Rechtsbereichen. Wir bieten ma\u00dfgeschneiderte L\u00f6sungen!\" \/>\n<meta property=\"og:url\" content=\"https:\/\/rechtsanwalt-schwaz.at\/en\/die-rechtsanwaelte\/\" \/>\n<meta property=\"og:site_name\" content=\"Rechtsanwalt Schwaz\" \/>\n<meta property=\"article:modified_time\" content=\"2023-02-15T18:56:46+00:00\" \/>\n<meta property=\"og:image\" content=\"https:\/\/rechtsanwalt-schwaz.at\/wp-content\/uploads\/2023\/02\/rechtsanwalt-schwaz-header-2.jpg\" \/>\n\t<meta property=\"og:image:width\" content=\"1740\" \/>\n\t<meta property=\"og:image:height\" content=\"552\" \/>\n\t<meta property=\"og:image:type\" content=\"image\/jpeg\" \/>\n<meta name=\"twitter:card\" content=\"summary_large_image\" \/>\n<script type=\"application\/ld+json\" class=\"yoast-schema-graph\">{\"@context\":\"https:\/\/schema.org\",\"@graph\":[{\"@type\":\"WebPage\",\"@id\":\"https:\/\/rechtsanwalt-schwaz.at\/die-rechtsanwaelte\/\",\"url\":\"https:\/\/rechtsanwalt-schwaz.at\/die-rechtsanwaelte\/\",\"name\":\"Die Rechtsanw\u00e4lte\",\"isPartOf\":{\"@id\":\"https:\/\/rechtsanwalt-schwaz.at\/#website\"},\"datePublished\":\"2023-01-29T02:00:18+00:00\",\"dateModified\":\"2023-02-15T18:56:46+00:00\",\"description\":\"Unsere Rechtsanw\u00e4lte verf\u00fcgen \u00fcber umfassende Expertise in verschiedenen Rechtsbereichen. Wir bieten ma\u00dfgeschneiderte L\u00f6sungen!\",\"breadcrumb\":{\"@id\":\"https:\/\/rechtsanwalt-schwaz.at\/die-rechtsanwaelte\/#breadcrumb\"},\"inLanguage\":\"en-US\",\"potentialAction\":[{\"@type\":\"ReadAction\",\"target\":[\"https:\/\/rechtsanwalt-schwaz.at\/die-rechtsanwaelte\/\"]}]},{\"@type\":\"BreadcrumbList\",\"@id\":\"https:\/\/rechtsanwalt-schwaz.at\/die-rechtsanwaelte\/#breadcrumb\",\"itemListElement\":[{\"@type\":\"ListItem\",\"position\":1,\"name\":\"Startseite\",\"item\":\"https:\/\/rechtsanwalt-schwaz.at\/\"},{\"@type\":\"ListItem\",\"position\":2,\"name\":\"Die Rechtsanw\u00e4lte\"}]},{\"@type\":\"WebSite\",\"@id\":\"https:\/\/rechtsanwalt-schwaz.at\/#website\",\"url\":\"https:\/\/rechtsanwalt-schwaz.at\/\",\"name\":\"Rechtsanwalt Schwaz\",\"description\":\"Georg Janovsky ist ein hochqualifizierter und erfahrener Rechtsanwalt, der Ihnen bei s\u00e4mtlichen rechtlichen Anliegen zur Seite steht.\",\"publisher\":{\"@id\":\"https:\/\/rechtsanwalt-schwaz.at\/#organization\"},\"potentialAction\":[{\"@type\":\"SearchAction\",\"target\":{\"@type\":\"EntryPoint\",\"urlTemplate\":\"https:\/\/rechtsanwalt-schwaz.at\/?s={search_term_string}\"},\"query-input\":{\"@type\":\"PropertyValueSpecification\",\"valueRequired\":true,\"valueName\":\"search_term_string\"}}],\"inLanguage\":\"en-US\"},{\"@type\":\"Organization\",\"@id\":\"https:\/\/rechtsanwalt-schwaz.at\/#organization\",\"name\":\"Rechtsanwalt Schwaz\",\"url\":\"https:\/\/rechtsanwalt-schwaz.at\/\",\"logo\":{\"@type\":\"ImageObject\",\"inLanguage\":\"en-US\",\"@id\":\"https:\/\/rechtsanwalt-schwaz.at\/#\/schema\/logo\/image\/\",\"url\":\"https:\/\/rechtsanwalt-schwaz.agentur-seidemann.de\/wp-content\/uploads\/2023\/01\/janovsky-stecher-rechtsanwaelte.png\",\"contentUrl\":\"https:\/\/rechtsanwalt-schwaz.agentur-seidemann.de\/wp-content\/uploads\/2023\/01\/janovsky-stecher-rechtsanwaelte.png\",\"width\":277,\"height\":60,\"caption\":\"Rechtsanwalt Schwaz\"},\"image\":{\"@id\":\"https:\/\/rechtsanwalt-schwaz.at\/#\/schema\/logo\/image\/\"}}]}<\/script>\n<!-- \/ Yoast SEO plugin. -->","yoast_head_json":{"title":"Attorneys","description":"Unsere Rechtsanw\u00e4lte verf\u00fcgen \u00fcber umfassende Expertise in verschiedenen Rechtsbereichen. Wir bieten ma\u00dfgeschneiderte L\u00f6sungen!","robots":{"index":"index","follow":"follow","max-snippet":"max-snippet:-1","max-image-preview":"max-image-preview:large","max-video-preview":"max-video-preview:-1"},"canonical":"https:\/\/rechtsanwalt-schwaz.at\/en\/die-rechtsanwaelte\/","og_locale":"en_US","og_type":"article","og_title":"Die Rechtsanw\u00e4lte","og_description":"Unsere Rechtsanw\u00e4lte verf\u00fcgen \u00fcber umfassende Expertise in verschiedenen Rechtsbereichen. Wir bieten ma\u00dfgeschneiderte L\u00f6sungen!","og_url":"https:\/\/rechtsanwalt-schwaz.at\/en\/die-rechtsanwaelte\/","og_site_name":"Rechtsanwalt Schwaz","article_modified_time":"2023-02-15T18:56:46+00:00","og_image":[{"width":1740,"height":552,"url":"https:\/\/rechtsanwalt-schwaz.at\/wp-content\/uploads\/2023\/02\/rechtsanwalt-schwaz-header-2.jpg","type":"image\/jpeg"}],"twitter_card":"summary_large_image","schema":{"@context":"https:\/\/schema.org","@graph":[{"@type":"WebPage","@id":"https:\/\/rechtsanwalt-schwaz.at\/die-rechtsanwaelte\/","url":"https:\/\/rechtsanwalt-schwaz.at\/die-rechtsanwaelte\/","name":"Attorneys","isPartOf":{"@id":"https:\/\/rechtsanwalt-schwaz.at\/#website"},"datePublished":"2023-01-29T02:00:18+00:00","dateModified":"2023-02-15T18:56:46+00:00","description":"Unsere Rechtsanw\u00e4lte verf\u00fcgen \u00fcber umfassende Expertise in verschiedenen Rechtsbereichen. Wir bieten ma\u00dfgeschneiderte L\u00f6sungen!","breadcrumb":{"@id":"https:\/\/rechtsanwalt-schwaz.at\/die-rechtsanwaelte\/#breadcrumb"},"inLanguage":"en-US","potentialAction":[{"@type":"ReadAction","target":["https:\/\/rechtsanwalt-schwaz.at\/die-rechtsanwaelte\/"]}]},{"@type":"BreadcrumbList","@id":"https:\/\/rechtsanwalt-schwaz.at\/die-rechtsanwaelte\/#breadcrumb","itemListElement":[{"@type":"ListItem","position":1,"name":"Startseite","item":"https:\/\/rechtsanwalt-schwaz.at\/"},{"@type":"ListItem","position":2,"name":"Die Rechtsanw\u00e4lte"}]},{"@type":"WebSite","@id":"https:\/\/rechtsanwalt-schwaz.at\/#website","url":"https:\/\/rechtsanwalt-schwaz.at\/","name":"Rechtsanwalt Schwaz","description":"Georg Janovsky ist ein hochqualifizierter und erfahrener Rechtsanwalt, der Ihnen bei s\u00e4mtlichen rechtlichen Anliegen zur Seite steht.","publisher":{"@id":"https:\/\/rechtsanwalt-schwaz.at\/#organization"},"potentialAction":[{"@type":"SearchAction","target":{"@type":"EntryPoint","urlTemplate":"https:\/\/rechtsanwalt-schwaz.at\/?s={search_term_string}"},"query-input":{"@type":"PropertyValueSpecification","valueRequired":true,"valueName":"search_term_string"}}],"inLanguage":"en-US"},{"@type":"Organization","@id":"https:\/\/rechtsanwalt-schwaz.at\/#organization","name":"Rechtsanwalt Schwaz","url":"https:\/\/rechtsanwalt-schwaz.at\/","logo":{"@type":"ImageObject","inLanguage":"en-US","@id":"https:\/\/rechtsanwalt-schwaz.at\/#\/schema\/logo\/image\/","url":"https:\/\/rechtsanwalt-schwaz.agentur-seidemann.de\/wp-content\/uploads\/2023\/01\/janovsky-stecher-rechtsanwaelte.png","contentUrl":"https:\/\/rechtsanwalt-schwaz.agentur-seidemann.de\/wp-content\/uploads\/2023\/01\/janovsky-stecher-rechtsanwaelte.png","width":277,"height":60,"caption":"Rechtsanwalt Schwaz"},"image":{"@id":"https:\/\/rechtsanwalt-schwaz.at\/#\/schema\/logo\/image\/"}}]}},"_links":{"self":[{"href":"https:\/\/rechtsanwalt-schwaz.at\/en\/wp-json\/wp\/v2\/pages\/101"}],"collection":[{"href":"https:\/\/rechtsanwalt-schwaz.at\/en\/wp-json\/wp\/v2\/pages"}],"about":[{"href":"https:\/\/rechtsanwalt-schwaz.at\/en\/wp-json\/wp\/v2\/types\/page"}],"author":[{"embeddable":true,"href":"https:\/\/rechtsanwalt-schwaz.at\/en\/wp-json\/wp\/v2\/users\/3"}],"replies":[{"embeddable":true,"href":"https:\/\/rechtsanwalt-schwaz.at\/en\/wp-json\/wp\/v2\/comments?post=101"}],"version-history":[{"count":1,"href":"https:\/\/rechtsanwalt-schwaz.at\/en\/wp-json\/wp\/v2\/pages\/101\/revisions"}],"predecessor-version":[{"id":102,"href":"https:\/\/rechtsanwalt-schwaz.at\/en\/wp-json\/wp\/v2\/pages\/101\/revisions\/102"}],"wp:attachment":[{"href":"https:\/\/rechtsanwalt-schwaz.at\/en\/wp-json\/wp\/v2\/media?parent=101"}],"curies":[{"name":"wp","href":"https:\/\/api.w.org\/{rel}","templated":true}]}}